{"id":6022,"date":"2025-06-01T11:55:15","date_gmt":"2025-06-01T11:55:15","guid":{"rendered":"https:\/\/soloboutique.ge\/?post_type=product&#038;p=6022"},"modified":"2025-11-13T11:27:42","modified_gmt":"2025-11-13T11:27:42","slug":"tea-mariage-freres-the-a-lopera","status":"publish","type":"product","link":"https:\/\/soloboutique.ge\/en\/product\/tea-mariage-freres-the-a-lopera\/","title":{"rendered":"Tea \u2013 Mariage Fr\u00e8res Th\u00e9 \u00e0 l\u2019Op\u00e9ra"},"content":{"rendered":"","protected":false},"excerpt":{"rendered":"<p data-start=\"70\" data-end=\"182\">Green Tea with Red Berry and Vanilla Flavor, 100g. Brewing instructions: 2.5g \/ 200ml \u2013 95\u00b0C \u2013 3 minutes. The history of the Mariage family dates back to the 17th century. Using their extensive experience and knowledge gained from tea trading, the Mariage family opened their first wholesale store in Paris in 1854. Today, the company owns more than 30 Mariage Fr\u00e8res locations across France, the United Kingdom, Germany, and Japan. Notably, the &#8220;Jardine Premier&#8221; quality label is given only to teas of exceptional purity that meet Europe\u2019s strictest standards.<\/p>\n","protected":false},"featured_media":6023,"template":"","meta":{"_gspb_post_css":""},"product_brand":[251],"product_cat":[102,98],"product_tag":[],"class_list":{"0":"post-6022","1":"product","2":"type-product","3":"status-publish","4":"has-post-thumbnail","6":"product_brand-marriage-freres","7":"product_cat-coffee-tea","8":"product_cat-home-outdoor","10":"first","11":"instock","12":"shipping-taxable","13":"purchasable","14":"product-type-simple"},"ct_brands":[{"id":251,"name":"Marriage Freres","slug":"marriage-freres"}],"_links":{"self":[{"href":"https:\/\/soloboutique.ge\/en\/wp-json\/wp\/v2\/product\/6022","targetHints":{"allow":["GET"]}}],"collection":[{"href":"https:\/\/soloboutique.ge\/en\/wp-json\/wp\/v2\/product"}],"about":[{"href":"https:\/\/soloboutique.ge\/en\/wp-json\/wp\/v2\/types\/product"}],"wp:featuredmedia":[{"embeddable":true,"href":"https:\/\/soloboutique.ge\/en\/wp-json\/wp\/v2\/media\/6023"}],"wp:attachment":[{"href":"https:\/\/soloboutique.ge\/en\/wp-json\/wp\/v2\/media?parent=6022"}],"wp:term":[{"taxonomy":"product_brand","embeddable":true,"href":"https:\/\/soloboutique.ge\/en\/wp-json\/wp\/v2\/product_brand?post=6022"},{"taxonomy":"product_cat","embeddable":true,"href":"https:\/\/soloboutique.ge\/en\/wp-json\/wp\/v2\/product_cat?post=6022"},{"taxonomy":"product_tag","embeddable":true,"href":"https:\/\/soloboutique.ge\/en\/wp-json\/wp\/v2\/product_tag?post=6022"}],"curies":[{"name":"wp","href":"https:\/\/api.w.org\/{rel}","templated":true}]}}