{"id":11871,"date":"2025-11-20T12:59:08","date_gmt":"2025-11-20T12:59:08","guid":{"rendered":"https:\/\/soloboutique.ge\/?post_type=product&#038;p=11871"},"modified":"2025-11-20T12:59:08","modified_gmt":"2025-11-20T12:59:08","slug":"ogon-design-2","status":"publish","type":"product","link":"https:\/\/soloboutique.ge\/en\/product\/ogon-design-2\/","title":{"rendered":"\u00d6GON DESIGN"},"content":{"rendered":"","protected":false},"excerpt":{"rendered":"<p>\u00d6GON DESIGN: THE CREATOR OF ALUMINUM WALLETS \u00d6gon Design invented the concept of the smart wallet in 2004 and has continued to innovate ever since with a unique take on the traditional wallet. The arrival of \u00d6gon on the leather goods market caused a mini-revolution. Being the very first designer wallet made with aluminum, the Stockholm model shook up the market. It is compact, light and its content is accessible in a glance. \u2022 Aluminum wallet for ID card and driver\u2019s license \u2022 Unbreakable metal lock, designed for intensive use \u2022 Hidden compartment to store your documents \u2022 Holds up to 10 cards, receipts, tickets \u2022 RFID Protection: protects your cards against fraud \u2022 Anodized aluminum The iconic Smart Case Large reinvented: new design, new functionality! The Smart Case V2 Large is a wallet for people looking for innovative objects with a contemporary design. This model is water resistant and has a metal clasp. Its hidden compartment can hold your ID card, license, bills, coins and receipts. This model is available in different colors of anodized aluminum, but also in printed aluminum with a selection of trendy patterns, such as wood effect or carbon fiber. In a high-end version, discover it in real carbon fiber. Dimensions: 13 x 10 x 3 cm Size of the documents (max) : 10,6 x 7,7cm<span class=\"btn_reset btn_read_more\">\u00a0<\/span><\/p>\n","protected":false},"featured_media":11875,"template":"","meta":{"_gspb_post_css":""},"product_brand":[275],"product_cat":[97,93,325],"product_tag":[],"class_list":{"0":"post-11871","1":"product","2":"type-product","3":"status-publish","4":"has-post-thumbnail","6":"product_brand-ogon-design","7":"product_cat-accessories","8":"product_cat-bags","9":"product_cat-walets","11":"first","12":"instock","13":"shipping-taxable","14":"purchasable","15":"product-type-variable"},"ct_brands":[{"id":275,"name":"\u00d6GON DESIGN","slug":"ogon-design"}],"_links":{"self":[{"href":"https:\/\/soloboutique.ge\/en\/wp-json\/wp\/v2\/product\/11871","targetHints":{"allow":["GET"]}}],"collection":[{"href":"https:\/\/soloboutique.ge\/en\/wp-json\/wp\/v2\/product"}],"about":[{"href":"https:\/\/soloboutique.ge\/en\/wp-json\/wp\/v2\/types\/product"}],"wp:featuredmedia":[{"embeddable":true,"href":"https:\/\/soloboutique.ge\/en\/wp-json\/wp\/v2\/media\/11875"}],"wp:attachment":[{"href":"https:\/\/soloboutique.ge\/en\/wp-json\/wp\/v2\/media?parent=11871"}],"wp:term":[{"taxonomy":"product_brand","embeddable":true,"href":"https:\/\/soloboutique.ge\/en\/wp-json\/wp\/v2\/product_brand?post=11871"},{"taxonomy":"product_cat","embeddable":true,"href":"https:\/\/soloboutique.ge\/en\/wp-json\/wp\/v2\/product_cat?post=11871"},{"taxonomy":"product_tag","embeddable":true,"href":"https:\/\/soloboutique.ge\/en\/wp-json\/wp\/v2\/product_tag?post=11871"}],"curies":[{"name":"wp","href":"https:\/\/api.w.org\/{rel}","templated":true}]}}